{"id":21,"date":"2023-05-09T11:54:14","date_gmt":"2023-05-09T11:54:14","guid":{"rendered":"https:\/\/yeni.winarihome.com\/?post_type=product&#038;p=21"},"modified":"2023-05-09T12:14:46","modified_gmt":"2023-05-09T12:14:46","slug":"cift-kanat-surgu-kapi","status":"publish","type":"product","link":"https:\/\/winarihome.com\/en\/cift-kanat-surgu-kapi\/","title":{"rendered":"Double Wing Pocket Door"},"content":{"rendered":"","protected":false},"excerpt":{"rendered":"<h2>Double Wing Pocket Door<\/h2>\n<p class=\" translation-block\">The door opens in the form of 2 doors to the right and left. It is usually used to divide your room or to separate areas such as the dressing room the way you want.<\/p>\n<p class=\" translation-block\"><strong>Double Wing Brake mechanism<\/strong><br>\nWhile your doors are opening and closing in 2 directions, the mechanism holds your door in the last 10 cm and pulls itself slowly.<\/p>","protected":false},"featured_media":22,"template":"","meta":[],"product_cat":[16],"product_tag":[],"class_list":["post-21","product","type-product","status-publish","has-post-thumbnail","hentry","product_cat-surgu-kapi"],"yoast_head":"<!-- This site is optimized with the Yoast SEO plugin v20.8 - https:\/\/yoast.com\/wordpress\/plugins\/seo\/ -->\n<title>\u00c7ift Kanat S\u00fcrg\u00fc Kap\u0131 - Winari Home<\/title>\n<meta name=\"description\" content=\"\u00c7ift Kanat S\u00fcrg\u00fc Kap\u0131 - \u00c7ift Kanat S\u00fcrg\u00fc Kap\u0131Kap\u0131 sa\u011fa ve sola do\u011fru 2 kap\u0131 \u015feklinde a\u00e7\u0131l\u0131r. Genellikleodan\u0131z\u0131 b\u00f6lmek veya giyinme odas\u0131 gibi alanlar\u0131\" \/>\n<meta name=\"robots\" content=\"index, follow, max-snippet:-1, max-image-preview:large, max-video-preview:-1\" \/>\n<link rel=\"canonical\" href=\"https:\/\/winarihome.com\/en\/cift-kanat-surgu-kapi\/\" \/>\n<meta property=\"og:locale\" content=\"en_GB\" \/>\n<meta property=\"og:type\" content=\"article\" \/>\n<meta property=\"og:title\" content=\"\u00c7ift Kanat S\u00fcrg\u00fc Kap\u0131 - Winari Home\" \/>\n<meta property=\"og:description\" content=\"\u00c7ift Kanat S\u00fcrg\u00fc Kap\u0131 - \u00c7ift Kanat S\u00fcrg\u00fc Kap\u0131Kap\u0131 sa\u011fa ve sola do\u011fru 2 kap\u0131 \u015feklinde a\u00e7\u0131l\u0131r. Genellikleodan\u0131z\u0131 b\u00f6lmek veya giyinme odas\u0131 gibi alanlar\u0131\" \/>\n<meta property=\"og:url\" content=\"https:\/\/winarihome.com\/en\/cift-kanat-surgu-kapi\/\" \/>\n<meta property=\"og:site_name\" content=\"Winari Home\" \/>\n<meta property=\"article:modified_time\" content=\"2023-05-09T12:14:46+00:00\" \/>\n<meta property=\"og:image\" content=\"https:\/\/winarihome.com\/wp-content\/uploads\/2023\/05\/2020-Site-5.-1.jpg.webp\" \/>\n\t<meta property=\"og:image:width\" content=\"1920\" \/>\n\t<meta property=\"og:image:height\" content=\"1080\" \/>\n\t<meta property=\"og:image:type\" content=\"image\/webp\" \/>\n<meta name=\"twitter:card\" content=\"summary_large_image\" \/>\n<meta name=\"twitter:label1\" content=\"Estimated reading time\" \/>\n\t<meta name=\"twitter:data1\" content=\"1 minute\" \/>\n<script type=\"application\/ld+json\" class=\"yoast-schema-graph\">{\"@context\":\"https:\/\/schema.org\",\"@graph\":[{\"@type\":\"WebPage\",\"@id\":\"https:\/\/winarihome.com\/cift-kanat-surgu-kapi\/\",\"url\":\"https:\/\/winarihome.com\/cift-kanat-surgu-kapi\/\",\"name\":\"\u00c7ift Kanat S\u00fcrg\u00fc Kap\u0131 - Winari Home\",\"isPartOf\":{\"@id\":\"https:\/\/winarihome.com\/#website\"},\"datePublished\":\"2023-05-09T11:54:14+00:00\",\"dateModified\":\"2023-05-09T12:14:46+00:00\",\"description\":\"\u00c7ift Kanat S\u00fcrg\u00fc Kap\u0131 - \u00c7ift Kanat S\u00fcrg\u00fc Kap\u0131Kap\u0131 sa\u011fa ve sola do\u011fru 2 kap\u0131 \u015feklinde a\u00e7\u0131l\u0131r. Genellikleodan\u0131z\u0131 b\u00f6lmek veya giyinme odas\u0131 gibi alanlar\u0131\",\"breadcrumb\":{\"@id\":\"https:\/\/winarihome.com\/cift-kanat-surgu-kapi\/#breadcrumb\"},\"inLanguage\":\"en-GB\",\"potentialAction\":[{\"@type\":\"ReadAction\",\"target\":[\"https:\/\/winarihome.com\/cift-kanat-surgu-kapi\/\"]}]},{\"@type\":\"BreadcrumbList\",\"@id\":\"https:\/\/winarihome.com\/cift-kanat-surgu-kapi\/#breadcrumb\",\"itemListElement\":[{\"@type\":\"ListItem\",\"position\":1,\"name\":\"Anasayfa\",\"item\":\"https:\/\/winarihome.com\/\"},{\"@type\":\"ListItem\",\"position\":2,\"name\":\"Ma\u011faza\",\"item\":\"https:\/\/winarihome.com\/magaza\/\"},{\"@type\":\"ListItem\",\"position\":3,\"name\":\"\u00c7ift Kanat S\u00fcrg\u00fc Kap\u0131\"}]},{\"@type\":\"WebSite\",\"@id\":\"https:\/\/winarihome.com\/#website\",\"url\":\"https:\/\/winarihome.com\/\",\"name\":\"Winari Home\",\"description\":\"S\u00fcrg\u00fc Kap\u0131 Sistemi\",\"potentialAction\":[{\"@type\":\"SearchAction\",\"target\":{\"@type\":\"EntryPoint\",\"urlTemplate\":\"https:\/\/winarihome.com\/?s={search_term_string}\"},\"query-input\":\"required name=search_term_string\"}],\"inLanguage\":\"en-GB\"}]}<\/script>\n<!-- \/ Yoast SEO plugin. -->","yoast_head_json":{"title":"\u00c7ift Kanat S\u00fcrg\u00fc Kap\u0131 - Winari Home","description":"\u00c7ift Kanat S\u00fcrg\u00fc Kap\u0131 - \u00c7ift Kanat S\u00fcrg\u00fc Kap\u0131Kap\u0131 sa\u011fa ve sola do\u011fru 2 kap\u0131 \u015feklinde a\u00e7\u0131l\u0131r. Genellikleodan\u0131z\u0131 b\u00f6lmek veya giyinme odas\u0131 gibi alanlar\u0131","robots":{"index":"index","follow":"follow","max-snippet":"max-snippet:-1","max-image-preview":"max-image-preview:large","max-video-preview":"max-video-preview:-1"},"canonical":"https:\/\/winarihome.com\/en\/cift-kanat-surgu-kapi\/","og_locale":"en_GB","og_type":"article","og_title":"\u00c7ift Kanat S\u00fcrg\u00fc Kap\u0131 - Winari Home","og_description":"\u00c7ift Kanat S\u00fcrg\u00fc Kap\u0131 - \u00c7ift Kanat S\u00fcrg\u00fc Kap\u0131Kap\u0131 sa\u011fa ve sola do\u011fru 2 kap\u0131 \u015feklinde a\u00e7\u0131l\u0131r. Genellikleodan\u0131z\u0131 b\u00f6lmek veya giyinme odas\u0131 gibi alanlar\u0131","og_url":"https:\/\/winarihome.com\/en\/cift-kanat-surgu-kapi\/","og_site_name":"Winari Home","article_modified_time":"2023-05-09T12:14:46+00:00","og_image":[{"width":1920,"height":1080,"url":"https:\/\/winarihome.com\/wp-content\/uploads\/2023\/05\/2020-Site-5.-1.jpg.webp","type":"image\/webp"}],"twitter_card":"summary_large_image","twitter_misc":{"Estimated reading time":"1 minute"},"schema":{"@context":"https:\/\/schema.org","@graph":[{"@type":"WebPage","@id":"https:\/\/winarihome.com\/cift-kanat-surgu-kapi\/","url":"https:\/\/winarihome.com\/cift-kanat-surgu-kapi\/","name":"\u00c7ift Kanat S\u00fcrg\u00fc Kap\u0131 - Winari Home","isPartOf":{"@id":"https:\/\/winarihome.com\/#website"},"datePublished":"2023-05-09T11:54:14+00:00","dateModified":"2023-05-09T12:14:46+00:00","description":"\u00c7ift Kanat S\u00fcrg\u00fc Kap\u0131 - \u00c7ift Kanat S\u00fcrg\u00fc Kap\u0131Kap\u0131 sa\u011fa ve sola do\u011fru 2 kap\u0131 \u015feklinde a\u00e7\u0131l\u0131r. Genellikleodan\u0131z\u0131 b\u00f6lmek veya giyinme odas\u0131 gibi alanlar\u0131","breadcrumb":{"@id":"https:\/\/winarihome.com\/cift-kanat-surgu-kapi\/#breadcrumb"},"inLanguage":"en-GB","potentialAction":[{"@type":"ReadAction","target":["https:\/\/winarihome.com\/cift-kanat-surgu-kapi\/"]}]},{"@type":"BreadcrumbList","@id":"https:\/\/winarihome.com\/cift-kanat-surgu-kapi\/#breadcrumb","itemListElement":[{"@type":"ListItem","position":1,"name":"Anasayfa","item":"https:\/\/winarihome.com\/"},{"@type":"ListItem","position":2,"name":"Ma\u011faza","item":"https:\/\/winarihome.com\/magaza\/"},{"@type":"ListItem","position":3,"name":"\u00c7ift Kanat S\u00fcrg\u00fc Kap\u0131"}]},{"@type":"WebSite","@id":"https:\/\/winarihome.com\/#website","url":"https:\/\/winarihome.com\/","name":"Winari Home","description":"S\u00fcrg\u00fc Kap\u0131 Sistemi","potentialAction":[{"@type":"SearchAction","target":{"@type":"EntryPoint","urlTemplate":"https:\/\/winarihome.com\/?s={search_term_string}"},"query-input":"required name=search_term_string"}],"inLanguage":"en-GB"}]}},"_links":{"self":[{"href":"https:\/\/winarihome.com\/en\/wp-json\/wp\/v2\/product\/21","targetHints":{"allow":["GET"]}}],"collection":[{"href":"https:\/\/winarihome.com\/en\/wp-json\/wp\/v2\/product"}],"about":[{"href":"https:\/\/winarihome.com\/en\/wp-json\/wp\/v2\/types\/product"}],"wp:featuredmedia":[{"embeddable":true,"href":"https:\/\/winarihome.com\/en\/wp-json\/wp\/v2\/media\/22"}],"wp:attachment":[{"href":"https:\/\/winarihome.com\/en\/wp-json\/wp\/v2\/media?parent=21"}],"wp:term":[{"taxonomy":"product_cat","embeddable":true,"href":"https:\/\/winarihome.com\/en\/wp-json\/wp\/v2\/product_cat?post=21"},{"taxonomy":"product_tag","embeddable":true,"href":"https:\/\/winarihome.com\/en\/wp-json\/wp\/v2\/product_tag?post=21"}],"curies":[{"name":"wp","href":"https:\/\/api.w.org\/{rel}","templated":true}]}}