{"id":19,"date":"2023-05-09T11:51:21","date_gmt":"2023-05-09T11:51:21","guid":{"rendered":"https:\/\/yeni.winarihome.com\/?post_type=product&#038;p=19"},"modified":"2023-05-09T12:44:39","modified_gmt":"2023-05-09T12:44:39","slug":"tek-kanat-surgu-kapi","status":"publish","type":"product","link":"https:\/\/winarihome.com\/en\/tek-kanat-surgu-kapi\/","title":{"rendered":"Single Wing Pocket Door"},"content":{"rendered":"","protected":false},"excerpt":{"rendered":"<h2>Standard Single Wing Plastered Mechanism<\/h2>\n<p class=\" translation-block\">Usually in kitchen, bathroom and sink doors It is a mechanism that minimizes the loss. Door opens and closes in one direction. While decorating your home \nbanging your door on the refrigerator or your seats\neliminates the possibility. You can easily cover every square meter of your home you can use.<\/p>\n<p class=\" translation-block\"><strong>Single Wing Brake Mechanism<\/strong><br>\nWhen opening and closing your door, the brake is activated at the last 10 cm enters and slowly withdraws itself. Door slamming problems eliminates it.<\/p>","protected":false},"featured_media":20,"template":"","meta":[],"product_cat":[16],"product_tag":[],"class_list":["post-19","product","type-product","status-publish","has-post-thumbnail","hentry","product_cat-surgu-kapi"],"yoast_head":"<!-- This site is optimized with the Yoast SEO plugin v20.8 - https:\/\/yoast.com\/wordpress\/plugins\/seo\/ -->\n<title>Tek Kanat S\u00fcrg\u00fc Kap\u0131 - Winari Home<\/title>\n<meta name=\"description\" content=\"Standart Tek Kanat S\u0131val\u0131 Mekanizma - Genellikle mutfak,banyo ve lavabo kap\u0131lar\u0131nda yerkayb\u0131n\u0131 minimum seviyeye indiren mekanizmad\u0131r.\" \/>\n<meta name=\"robots\" content=\"index, follow, max-snippet:-1, max-image-preview:large, max-video-preview:-1\" \/>\n<link rel=\"canonical\" href=\"https:\/\/winarihome.com\/en\/tek-kanat-surgu-kapi\/\" \/>\n<meta property=\"og:locale\" content=\"en_GB\" \/>\n<meta property=\"og:type\" content=\"article\" \/>\n<meta property=\"og:title\" content=\"Tek Kanat S\u00fcrg\u00fc Kap\u0131 - Winari Home\" \/>\n<meta property=\"og:description\" content=\"Standart Tek Kanat S\u0131val\u0131 Mekanizma - Genellikle mutfak,banyo ve lavabo kap\u0131lar\u0131nda yerkayb\u0131n\u0131 minimum seviyeye indiren mekanizmad\u0131r.\" \/>\n<meta property=\"og:url\" content=\"https:\/\/winarihome.com\/en\/tek-kanat-surgu-kapi\/\" \/>\n<meta property=\"og:site_name\" content=\"Winari Home\" \/>\n<meta property=\"article:modified_time\" content=\"2023-05-09T12:44:39+00:00\" \/>\n<meta property=\"og:image\" content=\"https:\/\/winarihome.com\/wp-content\/uploads\/2023\/05\/2020-Site-1.jpg.webp\" \/>\n\t<meta property=\"og:image:width\" content=\"1920\" \/>\n\t<meta property=\"og:image:height\" content=\"1080\" \/>\n\t<meta property=\"og:image:type\" content=\"image\/webp\" \/>\n<meta name=\"twitter:card\" content=\"summary_large_image\" \/>\n<script type=\"application\/ld+json\" class=\"yoast-schema-graph\">{\"@context\":\"https:\/\/schema.org\",\"@graph\":[{\"@type\":\"WebPage\",\"@id\":\"https:\/\/winarihome.com\/tek-kanat-surgu-kapi\/\",\"url\":\"https:\/\/winarihome.com\/tek-kanat-surgu-kapi\/\",\"name\":\"Tek Kanat S\u00fcrg\u00fc Kap\u0131 - Winari Home\",\"isPartOf\":{\"@id\":\"https:\/\/winarihome.com\/#website\"},\"datePublished\":\"2023-05-09T11:51:21+00:00\",\"dateModified\":\"2023-05-09T12:44:39+00:00\",\"description\":\"Standart Tek Kanat S\u0131val\u0131 Mekanizma - Genellikle mutfak,banyo ve lavabo kap\u0131lar\u0131nda yerkayb\u0131n\u0131 minimum seviyeye indiren mekanizmad\u0131r.\",\"breadcrumb\":{\"@id\":\"https:\/\/winarihome.com\/tek-kanat-surgu-kapi\/#breadcrumb\"},\"inLanguage\":\"en-GB\",\"potentialAction\":[{\"@type\":\"ReadAction\",\"target\":[\"https:\/\/winarihome.com\/tek-kanat-surgu-kapi\/\"]}]},{\"@type\":\"BreadcrumbList\",\"@id\":\"https:\/\/winarihome.com\/tek-kanat-surgu-kapi\/#breadcrumb\",\"itemListElement\":[{\"@type\":\"ListItem\",\"position\":1,\"name\":\"Anasayfa\",\"item\":\"https:\/\/winarihome.com\/\"},{\"@type\":\"ListItem\",\"position\":2,\"name\":\"Ma\u011faza\",\"item\":\"https:\/\/winarihome.com\/magaza\/\"},{\"@type\":\"ListItem\",\"position\":3,\"name\":\"Tek Kanat S\u00fcrg\u00fc Kap\u0131\"}]},{\"@type\":\"WebSite\",\"@id\":\"https:\/\/winarihome.com\/#website\",\"url\":\"https:\/\/winarihome.com\/\",\"name\":\"Winari Home\",\"description\":\"S\u00fcrg\u00fc Kap\u0131 Sistemi\",\"potentialAction\":[{\"@type\":\"SearchAction\",\"target\":{\"@type\":\"EntryPoint\",\"urlTemplate\":\"https:\/\/winarihome.com\/?s={search_term_string}\"},\"query-input\":\"required name=search_term_string\"}],\"inLanguage\":\"en-GB\"}]}<\/script>\n<!-- \/ Yoast SEO plugin. -->","yoast_head_json":{"title":"Tek Kanat S\u00fcrg\u00fc Kap\u0131 - Winari Home","description":"Standart Tek Kanat S\u0131val\u0131 Mekanizma - Genellikle mutfak,banyo ve lavabo kap\u0131lar\u0131nda yerkayb\u0131n\u0131 minimum seviyeye indiren mekanizmad\u0131r.","robots":{"index":"index","follow":"follow","max-snippet":"max-snippet:-1","max-image-preview":"max-image-preview:large","max-video-preview":"max-video-preview:-1"},"canonical":"https:\/\/winarihome.com\/en\/tek-kanat-surgu-kapi\/","og_locale":"en_GB","og_type":"article","og_title":"Tek Kanat S\u00fcrg\u00fc Kap\u0131 - Winari Home","og_description":"Standart Tek Kanat S\u0131val\u0131 Mekanizma - Genellikle mutfak,banyo ve lavabo kap\u0131lar\u0131nda yerkayb\u0131n\u0131 minimum seviyeye indiren mekanizmad\u0131r.","og_url":"https:\/\/winarihome.com\/en\/tek-kanat-surgu-kapi\/","og_site_name":"Winari Home","article_modified_time":"2023-05-09T12:44:39+00:00","og_image":[{"width":1920,"height":1080,"url":"https:\/\/winarihome.com\/wp-content\/uploads\/2023\/05\/2020-Site-1.jpg.webp","type":"image\/webp"}],"twitter_card":"summary_large_image","schema":{"@context":"https:\/\/schema.org","@graph":[{"@type":"WebPage","@id":"https:\/\/winarihome.com\/tek-kanat-surgu-kapi\/","url":"https:\/\/winarihome.com\/tek-kanat-surgu-kapi\/","name":"Tek Kanat S\u00fcrg\u00fc Kap\u0131 - Winari Home","isPartOf":{"@id":"https:\/\/winarihome.com\/#website"},"datePublished":"2023-05-09T11:51:21+00:00","dateModified":"2023-05-09T12:44:39+00:00","description":"Standart Tek Kanat S\u0131val\u0131 Mekanizma - Genellikle mutfak,banyo ve lavabo kap\u0131lar\u0131nda yerkayb\u0131n\u0131 minimum seviyeye indiren mekanizmad\u0131r.","breadcrumb":{"@id":"https:\/\/winarihome.com\/tek-kanat-surgu-kapi\/#breadcrumb"},"inLanguage":"en-GB","potentialAction":[{"@type":"ReadAction","target":["https:\/\/winarihome.com\/tek-kanat-surgu-kapi\/"]}]},{"@type":"BreadcrumbList","@id":"https:\/\/winarihome.com\/tek-kanat-surgu-kapi\/#breadcrumb","itemListElement":[{"@type":"ListItem","position":1,"name":"Anasayfa","item":"https:\/\/winarihome.com\/"},{"@type":"ListItem","position":2,"name":"Ma\u011faza","item":"https:\/\/winarihome.com\/magaza\/"},{"@type":"ListItem","position":3,"name":"Tek Kanat S\u00fcrg\u00fc Kap\u0131"}]},{"@type":"WebSite","@id":"https:\/\/winarihome.com\/#website","url":"https:\/\/winarihome.com\/","name":"Winari Home","description":"S\u00fcrg\u00fc Kap\u0131 Sistemi","potentialAction":[{"@type":"SearchAction","target":{"@type":"EntryPoint","urlTemplate":"https:\/\/winarihome.com\/?s={search_term_string}"},"query-input":"required name=search_term_string"}],"inLanguage":"en-GB"}]}},"_links":{"self":[{"href":"https:\/\/winarihome.com\/en\/wp-json\/wp\/v2\/product\/19","targetHints":{"allow":["GET"]}}],"collection":[{"href":"https:\/\/winarihome.com\/en\/wp-json\/wp\/v2\/product"}],"about":[{"href":"https:\/\/winarihome.com\/en\/wp-json\/wp\/v2\/types\/product"}],"wp:featuredmedia":[{"embeddable":true,"href":"https:\/\/winarihome.com\/en\/wp-json\/wp\/v2\/media\/20"}],"wp:attachment":[{"href":"https:\/\/winarihome.com\/en\/wp-json\/wp\/v2\/media?parent=19"}],"wp:term":[{"taxonomy":"product_cat","embeddable":true,"href":"https:\/\/winarihome.com\/en\/wp-json\/wp\/v2\/product_cat?post=19"},{"taxonomy":"product_tag","embeddable":true,"href":"https:\/\/winarihome.com\/en\/wp-json\/wp\/v2\/product_tag?post=19"}],"curies":[{"name":"wp","href":"https:\/\/api.w.org\/{rel}","templated":true}]}}