{"id":17,"date":"2023-05-09T11:48:59","date_gmt":"2023-05-09T11:48:59","guid":{"rendered":"https:\/\/yeni.winarihome.com\/?post_type=product&#038;p=17"},"modified":"2023-05-09T12:45:41","modified_gmt":"2023-05-09T12:45:41","slug":"z-acilir-surgu-kapi","status":"publish","type":"product","link":"https:\/\/winarihome.com\/en\/z-acilir-surgu-kapi\/","title":{"rendered":"Z Pocket Door"},"content":{"rendered":"","protected":false},"excerpt":{"rendered":"<h2>Z Pocket Door<\/h2>\n<p class=\" translation-block\">In areas where 2 doors work on one wall, a mechanism is usually placed at the sink and bathroom entrances. It works in a way that 2 doors are intertwined on a 1 meter wall.<\/p>\n<p class=\" translation-block\"><strong>Plastered mechanism:<\/strong>\u00a0The top of the mechanism is covered with wires. In this way, the mechanism is plastered like a brick and your plaster becomes a wall by integrating with the wires. When applied to your construction before plastering, it ensures that your construction continues without slowing down.<\/p>\n<p class=\" translation-block\"><strong>Plasterboard mechanism:<\/strong>\u00a0It is a mechanism formed on horizontal and vertical lapels. After the mechanism is placed on the wall, drywall is applied directly on it.<\/p>","protected":false},"featured_media":18,"template":"","meta":[],"product_cat":[16],"product_tag":[],"class_list":["post-17","product","type-product","status-publish","has-post-thumbnail","hentry","product_cat-surgu-kapi"],"yoast_head":"<!-- This site is optimized with the Yoast SEO plugin v20.8 - https:\/\/yoast.com\/wordpress\/plugins\/seo\/ -->\n<title>Z A\u00e7\u0131l\u0131r S\u00fcrg\u00fc Kap\u0131 - Winari Home<\/title>\n<meta name=\"description\" content=\"Z A\u00e7\u0131l\u0131r S\u00fcrg\u00fc Kap\u0131 2 kap\u0131n\u0131n tek duvarda \u00e7al\u0131\u015ft\u0131\u011f\u0131 alanlarda genelde lavabove banyo giri\u015flerinde mekanizma koyulur. 2 kap\u0131 1metrelik bir duvarda...\" \/>\n<meta name=\"robots\" content=\"index, follow, max-snippet:-1, max-image-preview:large, max-video-preview:-1\" \/>\n<link rel=\"canonical\" href=\"https:\/\/winarihome.com\/en\/z-acilir-surgu-kapi\/\" \/>\n<meta property=\"og:locale\" content=\"en_GB\" \/>\n<meta property=\"og:type\" content=\"article\" \/>\n<meta property=\"og:title\" content=\"Z A\u00e7\u0131l\u0131r S\u00fcrg\u00fc Kap\u0131 - Winari Home\" \/>\n<meta property=\"og:description\" content=\"Z A\u00e7\u0131l\u0131r S\u00fcrg\u00fc Kap\u0131 2 kap\u0131n\u0131n tek duvarda \u00e7al\u0131\u015ft\u0131\u011f\u0131 alanlarda genelde lavabove banyo giri\u015flerinde mekanizma koyulur. 2 kap\u0131 1metrelik bir duvarda...\" \/>\n<meta property=\"og:url\" content=\"https:\/\/winarihome.com\/en\/z-acilir-surgu-kapi\/\" \/>\n<meta property=\"og:site_name\" content=\"Winari Home\" \/>\n<meta property=\"article:modified_time\" content=\"2023-05-09T12:45:41+00:00\" \/>\n<meta property=\"og:image\" content=\"https:\/\/winarihome.com\/wp-content\/uploads\/2023\/05\/2020-Site-4.-2.jpg.webp\" \/>\n\t<meta property=\"og:image:width\" content=\"1920\" \/>\n\t<meta property=\"og:image:height\" content=\"1080\" \/>\n\t<meta property=\"og:image:type\" content=\"image\/webp\" \/>\n<meta name=\"twitter:card\" content=\"summary_large_image\" \/>\n<script type=\"application\/ld+json\" class=\"yoast-schema-graph\">{\"@context\":\"https:\/\/schema.org\",\"@graph\":[{\"@type\":\"WebPage\",\"@id\":\"https:\/\/winarihome.com\/z-acilir-surgu-kapi\/\",\"url\":\"https:\/\/winarihome.com\/z-acilir-surgu-kapi\/\",\"name\":\"Z A\u00e7\u0131l\u0131r S\u00fcrg\u00fc Kap\u0131 - Winari Home\",\"isPartOf\":{\"@id\":\"https:\/\/winarihome.com\/#website\"},\"datePublished\":\"2023-05-09T11:48:59+00:00\",\"dateModified\":\"2023-05-09T12:45:41+00:00\",\"description\":\"Z A\u00e7\u0131l\u0131r S\u00fcrg\u00fc Kap\u0131 2 kap\u0131n\u0131n tek duvarda \u00e7al\u0131\u015ft\u0131\u011f\u0131 alanlarda genelde lavabove banyo giri\u015flerinde mekanizma koyulur. 2 kap\u0131 1metrelik bir duvarda...\",\"breadcrumb\":{\"@id\":\"https:\/\/winarihome.com\/z-acilir-surgu-kapi\/#breadcrumb\"},\"inLanguage\":\"en-GB\",\"potentialAction\":[{\"@type\":\"ReadAction\",\"target\":[\"https:\/\/winarihome.com\/z-acilir-surgu-kapi\/\"]}]},{\"@type\":\"BreadcrumbList\",\"@id\":\"https:\/\/winarihome.com\/z-acilir-surgu-kapi\/#breadcrumb\",\"itemListElement\":[{\"@type\":\"ListItem\",\"position\":1,\"name\":\"Anasayfa\",\"item\":\"https:\/\/winarihome.com\/\"},{\"@type\":\"ListItem\",\"position\":2,\"name\":\"Ma\u011faza\",\"item\":\"https:\/\/winarihome.com\/magaza\/\"},{\"@type\":\"ListItem\",\"position\":3,\"name\":\"Z A\u00e7\u0131l\u0131r S\u00fcrg\u00fc Kap\u0131\"}]},{\"@type\":\"WebSite\",\"@id\":\"https:\/\/winarihome.com\/#website\",\"url\":\"https:\/\/winarihome.com\/\",\"name\":\"Winari Home\",\"description\":\"S\u00fcrg\u00fc Kap\u0131 Sistemi\",\"potentialAction\":[{\"@type\":\"SearchAction\",\"target\":{\"@type\":\"EntryPoint\",\"urlTemplate\":\"https:\/\/winarihome.com\/?s={search_term_string}\"},\"query-input\":\"required name=search_term_string\"}],\"inLanguage\":\"en-GB\"}]}<\/script>\n<!-- \/ Yoast SEO plugin. -->","yoast_head_json":{"title":"Z A\u00e7\u0131l\u0131r S\u00fcrg\u00fc Kap\u0131 - Winari Home","description":"Z A\u00e7\u0131l\u0131r S\u00fcrg\u00fc Kap\u0131 2 kap\u0131n\u0131n tek duvarda \u00e7al\u0131\u015ft\u0131\u011f\u0131 alanlarda genelde lavabove banyo giri\u015flerinde mekanizma koyulur. 2 kap\u0131 1metrelik bir duvarda...","robots":{"index":"index","follow":"follow","max-snippet":"max-snippet:-1","max-image-preview":"max-image-preview:large","max-video-preview":"max-video-preview:-1"},"canonical":"https:\/\/winarihome.com\/en\/z-acilir-surgu-kapi\/","og_locale":"en_GB","og_type":"article","og_title":"Z A\u00e7\u0131l\u0131r S\u00fcrg\u00fc Kap\u0131 - Winari Home","og_description":"Z A\u00e7\u0131l\u0131r S\u00fcrg\u00fc Kap\u0131 2 kap\u0131n\u0131n tek duvarda \u00e7al\u0131\u015ft\u0131\u011f\u0131 alanlarda genelde lavabove banyo giri\u015flerinde mekanizma koyulur. 2 kap\u0131 1metrelik bir duvarda...","og_url":"https:\/\/winarihome.com\/en\/z-acilir-surgu-kapi\/","og_site_name":"Winari Home","article_modified_time":"2023-05-09T12:45:41+00:00","og_image":[{"width":1920,"height":1080,"url":"https:\/\/winarihome.com\/wp-content\/uploads\/2023\/05\/2020-Site-4.-2.jpg.webp","type":"image\/webp"}],"twitter_card":"summary_large_image","schema":{"@context":"https:\/\/schema.org","@graph":[{"@type":"WebPage","@id":"https:\/\/winarihome.com\/z-acilir-surgu-kapi\/","url":"https:\/\/winarihome.com\/z-acilir-surgu-kapi\/","name":"Z A\u00e7\u0131l\u0131r S\u00fcrg\u00fc Kap\u0131 - Winari Home","isPartOf":{"@id":"https:\/\/winarihome.com\/#website"},"datePublished":"2023-05-09T11:48:59+00:00","dateModified":"2023-05-09T12:45:41+00:00","description":"Z A\u00e7\u0131l\u0131r S\u00fcrg\u00fc Kap\u0131 2 kap\u0131n\u0131n tek duvarda \u00e7al\u0131\u015ft\u0131\u011f\u0131 alanlarda genelde lavabove banyo giri\u015flerinde mekanizma koyulur. 2 kap\u0131 1metrelik bir duvarda...","breadcrumb":{"@id":"https:\/\/winarihome.com\/z-acilir-surgu-kapi\/#breadcrumb"},"inLanguage":"en-GB","potentialAction":[{"@type":"ReadAction","target":["https:\/\/winarihome.com\/z-acilir-surgu-kapi\/"]}]},{"@type":"BreadcrumbList","@id":"https:\/\/winarihome.com\/z-acilir-surgu-kapi\/#breadcrumb","itemListElement":[{"@type":"ListItem","position":1,"name":"Anasayfa","item":"https:\/\/winarihome.com\/"},{"@type":"ListItem","position":2,"name":"Ma\u011faza","item":"https:\/\/winarihome.com\/magaza\/"},{"@type":"ListItem","position":3,"name":"Z A\u00e7\u0131l\u0131r S\u00fcrg\u00fc Kap\u0131"}]},{"@type":"WebSite","@id":"https:\/\/winarihome.com\/#website","url":"https:\/\/winarihome.com\/","name":"Winari Home","description":"S\u00fcrg\u00fc Kap\u0131 Sistemi","potentialAction":[{"@type":"SearchAction","target":{"@type":"EntryPoint","urlTemplate":"https:\/\/winarihome.com\/?s={search_term_string}"},"query-input":"required name=search_term_string"}],"inLanguage":"en-GB"}]}},"_links":{"self":[{"href":"https:\/\/winarihome.com\/en\/wp-json\/wp\/v2\/product\/17","targetHints":{"allow":["GET"]}}],"collection":[{"href":"https:\/\/winarihome.com\/en\/wp-json\/wp\/v2\/product"}],"about":[{"href":"https:\/\/winarihome.com\/en\/wp-json\/wp\/v2\/types\/product"}],"wp:featuredmedia":[{"embeddable":true,"href":"https:\/\/winarihome.com\/en\/wp-json\/wp\/v2\/media\/18"}],"wp:attachment":[{"href":"https:\/\/winarihome.com\/en\/wp-json\/wp\/v2\/media?parent=17"}],"wp:term":[{"taxonomy":"product_cat","embeddable":true,"href":"https:\/\/winarihome.com\/en\/wp-json\/wp\/v2\/product_cat?post=17"},{"taxonomy":"product_tag","embeddable":true,"href":"https:\/\/winarihome.com\/en\/wp-json\/wp\/v2\/product_tag?post=17"}],"curies":[{"name":"wp","href":"https:\/\/api.w.org\/{rel}","templated":true}]}}