{"id":28,"date":"2023-05-09T12:05:55","date_gmt":"2023-05-09T12:05:55","guid":{"rendered":"https:\/\/yeni.winarihome.com\/?page_id=28"},"modified":"2023-05-09T12:35:06","modified_gmt":"2023-05-09T12:35:06","slug":"hakkimizda","status":"publish","type":"page","link":"https:\/\/winarihome.com\/en\/about-us\/","title":{"rendered":"About Us"},"content":{"rendered":"<section class=\"wpb-content-wrapper\"><div class=\"vc_row wpb_row vc_row-fluid vc_row-o-content-middle vc_row-flex wd-rs-645a3dbf3f9b8\"><div class=\"wpb_column vc_column_container vc_col-sm-6\"><div class=\"vc_column-inner\"><div class=\"wpb_wrapper\">\n\t<div class=\"wpb_text_column wpb_content_element\" >\n\t\t<div class=\"wpb_wrapper\">\n\t\t\t<p>Winarihome, a brand of JMAR ENGINEERING, was established in 2011 with the aim of eliminating the space and decoration problems arising from classical doors by adopting the slogan 'make room for your life' in our homes and workplaces that are modernizing day by day. Winarihome, which specializes in this way by carrying out R&amp;D and necessary studies only in the field of in-wall sliding doors, has signed many residential and workplace projects.<\/p>\n<h3>Vision<\/h3>\n<p>To make our system a standard in future modernizing buildings by maintaining our quality service and reasonable price. To become a global brand in developing market conditions.<\/p>\n<h3>Mision<\/h3>\n<p>To meet the expectations of the consumer at the highest level by maintaining our right price and quality standard and to make product accessibility easier day by day.<\/p>\n\n\t\t<\/div>\n\t<\/div>\n<\/div><\/div><\/div><div class=\"wpb_column vc_column_container vc_col-sm-6\"><div class=\"vc_column-inner\"><div class=\"wpb_wrapper\">\n\t<div  class=\"wpb_single_image wpb_content_element vc_align_center\">\n\t\t\n\t\t<figure class=\"wpb_wrapper vc_figure\">\n\t\t\t<div class=\"vc_single_image-wrapper   vc_box_border_grey\"><img loading=\"lazy\" decoding=\"async\" width=\"500\" height=\"500\" src=\"https:\/\/winarihome.com\/wp-content\/uploads\/2023\/05\/hakkimida-1.jpg.webp\" class=\"vc_single_image-img attachment-full\" alt=\"\" title=\"hakkimida-1.jpg\" srcset=\"https:\/\/winarihome.com\/wp-content\/uploads\/2023\/05\/hakkimida-1.jpg.webp 500w, https:\/\/winarihome.com\/wp-content\/uploads\/2023\/05\/hakkimida-1.jpg-150x150.webp 150w, https:\/\/winarihome.com\/wp-content\/uploads\/2023\/05\/hakkimida-1.jpg-300x300.webp 300w\" sizes=\"auto, (max-width: 500px) 100vw, 500px\" \/><\/div>\n\t\t<\/figure>\n\t<\/div>\n<\/div><\/div><\/div><\/div>\n<\/section>","protected":false},"excerpt":{"rendered":"JMAR M\u00dcHEND\u0130SL\u0130\u011e\u0130N bir markas\u0131 olan Winarihome 2011 y\u0131l\u0131nda g\u00fcnden g\u00fcne modernle\u015fen ev ve i\u015f yerlerimizde \u2018hayat\u0131n\u0131za yer a\u00e7\u0131n\u2019 slogan\u0131n\u0131 benimseyerek","protected":false},"author":1,"featured_media":0,"parent":0,"menu_order":0,"comment_status":"closed","ping_status":"closed","template":"","meta":{"footnotes":""},"class_list":["post-28","page","type-page","status-publish","hentry"],"yoast_head":"<!-- This site is optimized with the Yoast SEO plugin v20.8 - https:\/\/yoast.com\/wordpress\/plugins\/seo\/ -->\n<title>Hakk\u0131m\u0131zda - Winari Home<\/title>\n<meta name=\"robots\" content=\"index, follow, max-snippet:-1, max-image-preview:large, max-video-preview:-1\" \/>\n<link rel=\"canonical\" href=\"https:\/\/winarihome.com\/en\/about-us\/\" \/>\n<meta property=\"og:locale\" content=\"en_GB\" \/>\n<meta property=\"og:type\" content=\"article\" \/>\n<meta property=\"og:title\" content=\"Hakk\u0131m\u0131zda - Winari Home\" \/>\n<meta property=\"og:url\" content=\"https:\/\/winarihome.com\/en\/about-us\/\" \/>\n<meta property=\"og:site_name\" content=\"Winari Home\" \/>\n<meta property=\"article:modified_time\" content=\"2023-05-09T12:35:06+00:00\" \/>\n<meta name=\"twitter:card\" content=\"summary_large_image\" \/>\n<meta name=\"twitter:label1\" content=\"Estimated reading time\" \/>\n\t<meta name=\"twitter:data1\" content=\"1 minute\" \/>\n<script type=\"application\/ld+json\" class=\"yoast-schema-graph\">{\"@context\":\"https:\/\/schema.org\",\"@graph\":[{\"@type\":\"WebPage\",\"@id\":\"https:\/\/winarihome.com\/hakkimizda\/\",\"url\":\"https:\/\/winarihome.com\/hakkimizda\/\",\"name\":\"Hakk\u0131m\u0131zda - Winari Home\",\"isPartOf\":{\"@id\":\"https:\/\/winarihome.com\/#website\"},\"datePublished\":\"2023-05-09T12:05:55+00:00\",\"dateModified\":\"2023-05-09T12:35:06+00:00\",\"breadcrumb\":{\"@id\":\"https:\/\/winarihome.com\/hakkimizda\/#breadcrumb\"},\"inLanguage\":\"en-GB\",\"potentialAction\":[{\"@type\":\"ReadAction\",\"target\":[\"https:\/\/winarihome.com\/hakkimizda\/\"]}]},{\"@type\":\"BreadcrumbList\",\"@id\":\"https:\/\/winarihome.com\/hakkimizda\/#breadcrumb\",\"itemListElement\":[{\"@type\":\"ListItem\",\"position\":1,\"name\":\"Anasayfa\",\"item\":\"https:\/\/winarihome.com\/\"},{\"@type\":\"ListItem\",\"position\":2,\"name\":\"Hakk\u0131m\u0131zda\"}]},{\"@type\":\"WebSite\",\"@id\":\"https:\/\/winarihome.com\/#website\",\"url\":\"https:\/\/winarihome.com\/\",\"name\":\"Winari Home\",\"description\":\"S\u00fcrg\u00fc Kap\u0131 Sistemi\",\"potentialAction\":[{\"@type\":\"SearchAction\",\"target\":{\"@type\":\"EntryPoint\",\"urlTemplate\":\"https:\/\/winarihome.com\/?s={search_term_string}\"},\"query-input\":\"required name=search_term_string\"}],\"inLanguage\":\"en-GB\"}]}<\/script>\n<!-- \/ Yoast SEO plugin. -->","yoast_head_json":{"title":"Hakk\u0131m\u0131zda - Winari Home","robots":{"index":"index","follow":"follow","max-snippet":"max-snippet:-1","max-image-preview":"max-image-preview:large","max-video-preview":"max-video-preview:-1"},"canonical":"https:\/\/winarihome.com\/en\/about-us\/","og_locale":"en_GB","og_type":"article","og_title":"Hakk\u0131m\u0131zda - Winari Home","og_url":"https:\/\/winarihome.com\/en\/about-us\/","og_site_name":"Winari Home","article_modified_time":"2023-05-09T12:35:06+00:00","twitter_card":"summary_large_image","twitter_misc":{"Estimated reading time":"1 minute"},"schema":{"@context":"https:\/\/schema.org","@graph":[{"@type":"WebPage","@id":"https:\/\/winarihome.com\/hakkimizda\/","url":"https:\/\/winarihome.com\/hakkimizda\/","name":"Hakk\u0131m\u0131zda - Winari Home","isPartOf":{"@id":"https:\/\/winarihome.com\/#website"},"datePublished":"2023-05-09T12:05:55+00:00","dateModified":"2023-05-09T12:35:06+00:00","breadcrumb":{"@id":"https:\/\/winarihome.com\/hakkimizda\/#breadcrumb"},"inLanguage":"en-GB","potentialAction":[{"@type":"ReadAction","target":["https:\/\/winarihome.com\/hakkimizda\/"]}]},{"@type":"BreadcrumbList","@id":"https:\/\/winarihome.com\/hakkimizda\/#breadcrumb","itemListElement":[{"@type":"ListItem","position":1,"name":"Anasayfa","item":"https:\/\/winarihome.com\/"},{"@type":"ListItem","position":2,"name":"Hakk\u0131m\u0131zda"}]},{"@type":"WebSite","@id":"https:\/\/winarihome.com\/#website","url":"https:\/\/winarihome.com\/","name":"Winari Home","description":"S\u00fcrg\u00fc Kap\u0131 Sistemi","potentialAction":[{"@type":"SearchAction","target":{"@type":"EntryPoint","urlTemplate":"https:\/\/winarihome.com\/?s={search_term_string}"},"query-input":"required name=search_term_string"}],"inLanguage":"en-GB"}]}},"_links":{"self":[{"href":"https:\/\/winarihome.com\/en\/wp-json\/wp\/v2\/pages\/28","targetHints":{"allow":["GET"]}}],"collection":[{"href":"https:\/\/winarihome.com\/en\/wp-json\/wp\/v2\/pages"}],"about":[{"href":"https:\/\/winarihome.com\/en\/wp-json\/wp\/v2\/types\/page"}],"author":[{"embeddable":true,"href":"https:\/\/winarihome.com\/en\/wp-json\/wp\/v2\/users\/1"}],"replies":[{"embeddable":true,"href":"https:\/\/winarihome.com\/en\/wp-json\/wp\/v2\/comments?post=28"}],"version-history":[{"count":3,"href":"https:\/\/winarihome.com\/en\/wp-json\/wp\/v2\/pages\/28\/revisions"}],"predecessor-version":[{"id":57,"href":"https:\/\/winarihome.com\/en\/wp-json\/wp\/v2\/pages\/28\/revisions\/57"}],"wp:attachment":[{"href":"https:\/\/winarihome.com\/en\/wp-json\/wp\/v2\/media?parent=28"}],"curies":[{"name":"wp","href":"https:\/\/api.w.org\/{rel}","templated":true}]}}