{"id":23,"date":"2023-05-09T11:56:09","date_gmt":"2023-05-09T11:56:09","guid":{"rendered":"https:\/\/yeni.winarihome.com\/?page_id=23"},"modified":"2023-05-09T11:57:11","modified_gmt":"2023-05-09T11:57:11","slug":"satis-noktalari","status":"publish","type":"page","link":"https:\/\/winarihome.com\/en\/sales-point\/","title":{"rendered":"Sales Points"},"content":{"rendered":"<section class=\"wpb-content-wrapper\"><div class=\"vc_row wpb_row vc_row-fluid\"><div class=\"wpb_column vc_column_container vc_col-sm-12\"><div class=\"vc_column-inner\"><div class=\"wpb_wrapper\">\n\t<div class=\"wpb_raw_code wpb_content_element wpb_raw_html\" >\n\t\t<div class=\"wpb_wrapper\">\n\t\t\t<iframe loading=\"lazy\" src=\"https:\/\/www.google.com\/maps\/d\/embed?mid=1XQ5Fq5Y-iBu91iDSg8rw9eWouFv7LNq_\" width=\"100%\" height=\"700px\"><\/iframe>\n\t\t<\/div>\n\t<\/div>\n<\/div><\/div><\/div><\/div><div class=\"vc_row wpb_row vc_row-fluid\"><div class=\"wpb_column vc_column_container vc_col-sm-12\"><div class=\"vc_column-inner\"><div class=\"wpb_wrapper\">\n\t<div class=\"wpb_text_column wpb_content_element\" >\n\t\t<div class=\"wpb_wrapper\">\n\t\t\t<h3 style=\"text-align: center;\">For Detail Information:<br \/>\n<a href=\"tel: 905353597485\" target=\"_blank\" rel=\"noopener noreferrer\">+90 535 359 74 85<\/a><\/h3>\n\n\t\t<\/div>\n\t<\/div>\n<\/div><\/div><\/div><\/div>\n<\/section>","protected":false},"excerpt":{"rendered":"Detayl\u0131 Bilgi \u0130\u00e7in: +90 535 359 74 85","protected":false},"author":1,"featured_media":0,"parent":0,"menu_order":0,"comment_status":"closed","ping_status":"closed","template":"","meta":{"footnotes":""},"class_list":["post-23","page","type-page","status-publish","hentry"],"yoast_head":"<!-- This site is optimized with the Yoast SEO plugin v20.8 - https:\/\/yoast.com\/wordpress\/plugins\/seo\/ -->\n<title>Sat\u0131\u015f Noktalar\u0131 - Winari Home<\/title>\n<meta name=\"robots\" content=\"index, follow, max-snippet:-1, max-image-preview:large, max-video-preview:-1\" \/>\n<link rel=\"canonical\" href=\"https:\/\/winarihome.com\/en\/sales-point\/\" \/>\n<meta property=\"og:locale\" content=\"en_GB\" \/>\n<meta property=\"og:type\" content=\"article\" \/>\n<meta property=\"og:title\" content=\"Sat\u0131\u015f Noktalar\u0131 - Winari Home\" \/>\n<meta property=\"og:url\" content=\"https:\/\/winarihome.com\/en\/sales-point\/\" \/>\n<meta property=\"og:site_name\" content=\"Winari Home\" \/>\n<meta property=\"article:modified_time\" content=\"2023-05-09T11:57:11+00:00\" \/>\n<meta name=\"twitter:card\" content=\"summary_large_image\" \/>\n<meta name=\"twitter:label1\" content=\"Estimated reading time\" \/>\n\t<meta name=\"twitter:data1\" content=\"1 minute\" \/>\n<script type=\"application\/ld+json\" class=\"yoast-schema-graph\">{\"@context\":\"https:\/\/schema.org\",\"@graph\":[{\"@type\":\"WebPage\",\"@id\":\"https:\/\/winarihome.com\/satis-noktalari\/\",\"url\":\"https:\/\/winarihome.com\/satis-noktalari\/\",\"name\":\"Sat\u0131\u015f Noktalar\u0131 - Winari Home\",\"isPartOf\":{\"@id\":\"https:\/\/winarihome.com\/#website\"},\"datePublished\":\"2023-05-09T11:56:09+00:00\",\"dateModified\":\"2023-05-09T11:57:11+00:00\",\"breadcrumb\":{\"@id\":\"https:\/\/winarihome.com\/satis-noktalari\/#breadcrumb\"},\"inLanguage\":\"en-GB\",\"potentialAction\":[{\"@type\":\"ReadAction\",\"target\":[\"https:\/\/winarihome.com\/satis-noktalari\/\"]}]},{\"@type\":\"BreadcrumbList\",\"@id\":\"https:\/\/winarihome.com\/satis-noktalari\/#breadcrumb\",\"itemListElement\":[{\"@type\":\"ListItem\",\"position\":1,\"name\":\"Anasayfa\",\"item\":\"https:\/\/winarihome.com\/\"},{\"@type\":\"ListItem\",\"position\":2,\"name\":\"Sat\u0131\u015f Noktalar\u0131\"}]},{\"@type\":\"WebSite\",\"@id\":\"https:\/\/winarihome.com\/#website\",\"url\":\"https:\/\/winarihome.com\/\",\"name\":\"Winari Home\",\"description\":\"S\u00fcrg\u00fc Kap\u0131 Sistemi\",\"potentialAction\":[{\"@type\":\"SearchAction\",\"target\":{\"@type\":\"EntryPoint\",\"urlTemplate\":\"https:\/\/winarihome.com\/?s={search_term_string}\"},\"query-input\":\"required name=search_term_string\"}],\"inLanguage\":\"en-GB\"}]}<\/script>\n<!-- \/ Yoast SEO plugin. -->","yoast_head_json":{"title":"Sat\u0131\u015f Noktalar\u0131 - Winari Home","robots":{"index":"index","follow":"follow","max-snippet":"max-snippet:-1","max-image-preview":"max-image-preview:large","max-video-preview":"max-video-preview:-1"},"canonical":"https:\/\/winarihome.com\/en\/sales-point\/","og_locale":"en_GB","og_type":"article","og_title":"Sat\u0131\u015f Noktalar\u0131 - Winari Home","og_url":"https:\/\/winarihome.com\/en\/sales-point\/","og_site_name":"Winari Home","article_modified_time":"2023-05-09T11:57:11+00:00","twitter_card":"summary_large_image","twitter_misc":{"Estimated reading time":"1 minute"},"schema":{"@context":"https:\/\/schema.org","@graph":[{"@type":"WebPage","@id":"https:\/\/winarihome.com\/satis-noktalari\/","url":"https:\/\/winarihome.com\/satis-noktalari\/","name":"Sat\u0131\u015f Noktalar\u0131 - Winari Home","isPartOf":{"@id":"https:\/\/winarihome.com\/#website"},"datePublished":"2023-05-09T11:56:09+00:00","dateModified":"2023-05-09T11:57:11+00:00","breadcrumb":{"@id":"https:\/\/winarihome.com\/satis-noktalari\/#breadcrumb"},"inLanguage":"en-GB","potentialAction":[{"@type":"ReadAction","target":["https:\/\/winarihome.com\/satis-noktalari\/"]}]},{"@type":"BreadcrumbList","@id":"https:\/\/winarihome.com\/satis-noktalari\/#breadcrumb","itemListElement":[{"@type":"ListItem","position":1,"name":"Anasayfa","item":"https:\/\/winarihome.com\/"},{"@type":"ListItem","position":2,"name":"Sat\u0131\u015f Noktalar\u0131"}]},{"@type":"WebSite","@id":"https:\/\/winarihome.com\/#website","url":"https:\/\/winarihome.com\/","name":"Winari Home","description":"S\u00fcrg\u00fc Kap\u0131 Sistemi","potentialAction":[{"@type":"SearchAction","target":{"@type":"EntryPoint","urlTemplate":"https:\/\/winarihome.com\/?s={search_term_string}"},"query-input":"required name=search_term_string"}],"inLanguage":"en-GB"}]}},"_links":{"self":[{"href":"https:\/\/winarihome.com\/en\/wp-json\/wp\/v2\/pages\/23","targetHints":{"allow":["GET"]}}],"collection":[{"href":"https:\/\/winarihome.com\/en\/wp-json\/wp\/v2\/pages"}],"about":[{"href":"https:\/\/winarihome.com\/en\/wp-json\/wp\/v2\/types\/page"}],"author":[{"embeddable":true,"href":"https:\/\/winarihome.com\/en\/wp-json\/wp\/v2\/users\/1"}],"replies":[{"embeddable":true,"href":"https:\/\/winarihome.com\/en\/wp-json\/wp\/v2\/comments?post=23"}],"version-history":[{"count":2,"href":"https:\/\/winarihome.com\/en\/wp-json\/wp\/v2\/pages\/23\/revisions"}],"predecessor-version":[{"id":25,"href":"https:\/\/winarihome.com\/en\/wp-json\/wp\/v2\/pages\/23\/revisions\/25"}],"wp:attachment":[{"href":"https:\/\/winarihome.com\/en\/wp-json\/wp\/v2\/media?parent=23"}],"curies":[{"name":"wp","href":"https:\/\/api.w.org\/{rel}","templated":true}]}}