{"id":2,"date":"2023-05-09T11:38:07","date_gmt":"2023-05-09T11:38:07","guid":{"rendered":"https:\/\/yeni.winarihome.com\/?page_id=2"},"modified":"2024-03-09T10:10:55","modified_gmt":"2024-03-09T10:10:55","slug":"anasayfa","status":"publish","type":"page","link":"https:\/\/winarihome.com\/en\/","title":{"rendered":"Homepage"},"content":{"rendered":"<section class=\"wpb-content-wrapper\"><div id=\"row-slider\" class=\"vc_row wpb_row vc_row-fluid wd-rs-6479e75175497 wd-section-stretch-content-no-pd\"><div class=\"wpb_column vc_column_container vc_col-sm-12\"><div class=\"vc_column-inner\"><div class=\"wpb_wrapper\">\n\t\t\t<!-- START Slider 1 REVOLUTION SLIDER 6.6.13 --><p class=\"rs-p-wp-fix\"><\/p>\n\t\t\t<rs-module-wrap id=\"rev_slider_1_1_wrapper\" data-source=\"gallery\" style=\"visibility:hidden;background:transparent;padding:0;margin:0px auto;margin-top:0;margin-bottom:0;\">\n\t\t\t\t<rs-module id=\"rev_slider_1_1\" style=\"\" data-version=\"6.6.13\">\n\t\t\t\t\t<rs-slides style=\"overflow: hidden; position: absolute;\">\n\t\t\t\t\t\t<rs-slide style=\"position: absolute;\" data-key=\"rs-1\" data-title=\"Slide\" data-in=\"o:0;\" data-out=\"a:false;\">\n\t\t\t\t\t\t\t<img decoding=\"async\" src=\"\/\/winarihome.com\/wp-content\/plugins\/revslider\/public\/assets\/assets\/dummy.png\" alt=\"\" title=\"slide\" width=\"1920\" height=\"600\" class=\"rev-slidebg tp-rs-img rs-lazyload\" data-lazyload=\"\/\/winarihome.com\/wp-content\/uploads\/2023\/06\/slide.webp\" data-panzoom=\"d:9000ms;ss:100;se:100;os:200px\/0;oe:-450px\/0;\" data-no-retina>\n<!--\n\t\t\t\t\t\t\t--><rs-layer\n\t\t\t\t\t\t\t\tid=\"slider-1-slide-1-layer-0\" \n\t\t\t\t\t\t\t\tdata-type=\"text\"\n\t\t\t\t\t\t\t\tdata-color=\"#fff\"\n\t\t\t\t\t\t\t\tdata-tsh=\"b:6px,6px,6px,1px;\"\n\t\t\t\t\t\t\t\tdata-rsp_ch=\"on\"\n\t\t\t\t\t\t\t\tdata-xy=\"xo:100px,100px,100px,24px;y:m;\"\n\t\t\t\t\t\t\t\tdata-text=\"w:normal;s:80,80,80,19;l:90,90,90,22;ls:-4,-4,-4,0;fw:800;\"\n\t\t\t\t\t\t\t\tdata-dim=\"minh:0px,0px,0px,none;\"\n\t\t\t\t\t\t\t\tdata-frame_999=\"o:0;st:w;\"\n\t\t\t\t\t\t\t\tstyle=\"z-index:5;font-family:'Poppins';\"\n\t\t\t\t\t\t\t>Make Space in Your Life... \n\t\t\t\t\t\t\t<\/rs-layer><!--\n-->\t\t\t\t\t\t<\/rs-slide>\n\t\t\t\t\t<\/rs-slides>\n\t\t\t\t<\/rs-module>\n\t\t\t\t<script>\n\t\t\t\t\tsetREVStartSize({c: 'rev_slider_1_1',rl:[1240,1240,1240,480],el:[600,600,600,720],gw:[1920,1920,1920,480],gh:[600,600,600,480],type:'standard',justify:'',layout:'fullwidth',mh:\"0\"});if (window.RS_MODULES!==undefined && window.RS_MODULES.modules!==undefined && window.RS_MODULES.modules[\"revslider11\"]!==undefined) {window.RS_MODULES.modules[\"revslider11\"].once = false;window.revapi1 = undefined;if (window.RS_MODULES.checkMinimal!==undefined) window.RS_MODULES.checkMinimal()}\n\t\t\t\t<\/script>\n\t\t\t<\/rs-module-wrap>\n\t\t\t<!-- END REVOLUTION SLIDER -->\n<\/div><\/div><\/div><\/div><div id=\"row-bilgi\" class=\"vc_row wpb_row vc_row-fluid wd-rs-6479d94b1f049\"><div class=\"wpb_column vc_column_container vc_col-sm-12\"><div class=\"vc_column-inner\"><div class=\"wpb_wrapper\"><div class=\"vc_row wpb_row vc_inner vc_row-fluid\"><div class=\"wpb_column vc_column_container vc_col-sm-2\"><div class=\"vc_column-inner\"><div class=\"wpb_wrapper\"><\/div><\/div><\/div><div class=\"wpb_column vc_column_container vc_col-sm-8\"><div class=\"vc_column-inner\"><div class=\"wpb_wrapper\">\n\t<div class=\"wpb_text_column wpb_content_element\" >\n\t\t<div class=\"wpb_wrapper\">\n\t\t\t<h2 style=\"text-align: center;\">What are the advantages of Pocket Door?<\/h2>\n<p style=\"text-align: center;\" class=\" translation-block\">First of all, <strong>pocket doors<\/strong> provide functional use of all areas of your home for which you pay for each m\u00b2. There are on average 5 to 7 doors in a house. An old-style door creates a dead space of approximately 1 m\u00b2, leaving the opening and closing space empty. Considering 7 doors, this is 7 m\u00b2<br>\ndead space equals 1 balcony.<br>\nEspecially when placing your refrigerator, armchair, and wardrobe, old-style doors crash and damage the things left behind as they constantly open and close. Thanks to the <strong>in-wall sliding mechanism<\/strong>, your door slamming problem is eliminated.<\/p>\n<p style=\"text-align: center;\">Doors that are constantly left open during the summer months both create a bad image and prevent the back of your door from being used. In such a case, if you slide the sliding door mechanism into your wall, you will forget that there is a door there. An unpleasant sight will not strike your eye.<\/p>\n<p style=\"text-align: center;\">It does not prevent the use of your wall like side sliding mechanisms and does not look bad. If a sliding door system is used, you will only see the wall.<\/p>\n<p style=\"text-align: center;\">The mechanism does not have a threshold or rail on your floor. It runs entirely on the top rail. You can easily lay parquet and tile in your passage.<\/p>\n\n\t\t<\/div>\n\t<\/div>\n<\/div><\/div><\/div><div class=\"wpb_column vc_column_container vc_col-sm-2\"><div class=\"vc_column-inner\"><div class=\"wpb_wrapper\"><\/div><\/div><\/div><\/div><\/div><\/div><\/div><\/div><div id=\"row-urunler\" class=\"vc_row wpb_row vc_row-fluid wd-rs-6479d9422e896\"><div class=\"wpb_column vc_column_container vc_col-sm-12\"><div class=\"vc_column-inner\"><div class=\"wpb_wrapper\"><div class=\"vc_row wpb_row vc_inner vc_row-fluid\"><div class=\"wpb_column vc_column_container vc_col-sm-12\"><div class=\"vc_column-inner\"><div class=\"wpb_wrapper\">\n\t<div class=\"wpb_text_column wpb_content_element\" >\n\t\t<div class=\"wpb_wrapper\">\n\t\t\t<h2 style=\"text-align: center;\">Products<\/h2>\n\n\t\t<\/div>\n\t<\/div>\n<\/div><\/div><\/div><\/div>\t\t\t<div class=\"wd-products-element wd-rs-647afad0c5430\">\n\t\t\t\n\t\t\n\t\t\t\t\t<div class=\"products elements-grid align-items-start row wd-products-holder  wd-spacing-20 grid-columns-3 pagination- align-items-start\" data-paged=\"1\" data-atts=\"{&quot;element_title&quot;:&quot;&quot;,&quot;post_type&quot;:&quot;product&quot;,&quot;layout&quot;:&quot;grid&quot;,&quot;include&quot;:&quot;&quot;,&quot;custom_query&quot;:&quot;&quot;,&quot;taxonomies&quot;:&quot;&quot;,&quot;pagination&quot;:&quot;&quot;,&quot;items_per_page&quot;:12,&quot;product_hover&quot;:&quot;inherit&quot;,&quot;spacing&quot;:&quot;20&quot;,&quot;columns&quot;:&quot;3&quot;,&quot;columns_tablet&quot;:&quot;auto&quot;,&quot;columns_mobile&quot;:&quot;1&quot;,&quot;sale_countdown&quot;:&quot;0&quot;,&quot;stretch_product_desktop&quot;:0,&quot;stretch_product_tablet&quot;:0,&quot;stretch_product_mobile&quot;:0,&quot;stock_progress_bar&quot;:&quot;0&quot;,&quot;highlighted_products&quot;:&quot;0&quot;,&quot;products_bordered_grid&quot;:&quot;0&quot;,&quot;products_bordered_grid_style&quot;:&quot;outside&quot;,&quot;products_with_background&quot;:&quot;0&quot;,&quot;products_shadow&quot;:&quot;0&quot;,&quot;products_color_scheme&quot;:&quot;default&quot;,&quot;product_quantity&quot;:0,&quot;grid_gallery&quot;:&quot;&quot;,&quot;grid_gallery_control&quot;:&quot;&quot;,&quot;grid_gallery_enable_arrows&quot;:&quot;&quot;,&quot;offset&quot;:&quot;&quot;,&quot;orderby&quot;:&quot;&quot;,&quot;query_type&quot;:&quot;OR&quot;,&quot;order&quot;:&quot;&quot;,&quot;meta_key&quot;:&quot;&quot;,&quot;exclude&quot;:&quot;&quot;,&quot;class&quot;:&quot;&quot;,&quot;ajax_page&quot;:&quot;&quot;,&quot;speed&quot;:&quot;5000&quot;,&quot;slides_per_view&quot;:&quot;4&quot;,&quot;slides_per_view_tablet&quot;:&quot;auto&quot;,&quot;slides_per_view_mobile&quot;:&quot;auto&quot;,&quot;wrap&quot;:&quot;&quot;,&quot;autoplay&quot;:&quot;no&quot;,&quot;center_mode&quot;:&quot;no&quot;,&quot;hide_pagination_control&quot;:&quot;&quot;,&quot;hide_prev_next_buttons&quot;:&quot;&quot;,&quot;scroll_per_page&quot;:&quot;yes&quot;,&quot;img_size&quot;:&quot;woocommerce_thumbnail&quot;,&quot;force_not_ajax&quot;:&quot;no&quot;,&quot;products_masonry&quot;:&quot;0&quot;,&quot;products_different_sizes&quot;:&quot;0&quot;,&quot;lazy_loading&quot;:&quot;no&quot;,&quot;scroll_carousel_init&quot;:&quot;no&quot;,&quot;el_class&quot;:&quot;&quot;,&quot;shop_tools&quot;:&quot;no&quot;,&quot;query_post_type&quot;:&quot;product&quot;,&quot;hide_out_of_stock&quot;:&quot;no&quot;,&quot;css&quot;:&quot;&quot;,&quot;woodmart_css_id&quot;:&quot;647afad0c5430&quot;,&quot;ajax_recently_viewed&quot;:&quot;no&quot;,&quot;is_wishlist&quot;:&quot;&quot;}\" data-source=\"shortcode\" data-columns=\"3\" data-grid-gallery=\"\">\n\t\t\t<div class=\"product-grid-item product wd-hover-tiled  col-lg-4 col-md-4 col-12 first  type-product post-21 status-publish instock product_cat-surgu-kapi has-post-thumbnail shipping-taxable product-type-simple\" data-loop=\"1\" data-id=\"21\">\n\t\n\t\n<div class=\"product-wrapper\">\n\t<div class=\"product-element-top wd-quick-shop\">\n\t\t<a href=\"https:\/\/winarihome.com\/en\/cift-kanat-surgu-kapi\/\" class=\"product-image-link\">\n\t\t\t<img loading=\"lazy\" decoding=\"async\" width=\"600\" height=\"600\" src=\"https:\/\/winarihome.com\/wp-content\/uploads\/2023\/05\/2020-Site-5.-1.jpg-600x600.webp\" class=\"attachment-woocommerce_thumbnail size-woocommerce_thumbnail\" alt=\"\" srcset=\"https:\/\/winarihome.com\/wp-content\/uploads\/2023\/05\/2020-Site-5.-1.jpg-600x600.webp 600w, https:\/\/winarihome.com\/wp-content\/uploads\/2023\/05\/2020-Site-5.-1.jpg-150x150.webp 150w\" sizes=\"auto, (max-width: 600px) 100vw, 600px\" \/>\t\t<\/a>\n\n\t\t\n\t\t<div class=\"wd-buttons wd-pos-r-t\">\n\t\t\t\t\t\t<div class=\"wd-add-btn wd-action-btn wd-style-icon wd-add-cart-icon\"><a href=\"https:\/\/winarihome.com\/en\/cift-kanat-surgu-kapi\/\" data-quantity=\"1\" class=\"button wp-element-button product_type_simple add-to-cart-loop\" data-product_id=\"21\" data-product_sku=\"\" aria-label=\"Read more about \u201c\u00c7ift Kanat S\u00fcrg\u00fc Kap\u0131\u201d\" rel=\"nofollow\" data-no-translation-aria-label=\"\"><span data-no-translation=\"\" data-trp-gettext=\"\">Read more<\/span><\/a><\/div>\n\t\t\t\t\t\t\t\t\t\t\t<\/div>\n\t<\/div>\n\n\t<div class=\"product-element-bottom\">\n\t\t\t\t\t\t\t\t\t\t\t\t\n\t\t\n\t\t\t\t\n\t\t\t<\/div>\n<\/div>\n<\/div>\n<div class=\"product-grid-item product wd-hover-tiled  col-lg-4 col-md-4 col-12 type-product post-19 status-publish instock product_cat-surgu-kapi has-post-thumbnail shipping-taxable product-type-simple\" data-loop=\"2\" data-id=\"19\">\n\t\n\t\n<div class=\"product-wrapper\">\n\t<div class=\"product-element-top wd-quick-shop\">\n\t\t<a href=\"https:\/\/winarihome.com\/en\/tek-kanat-surgu-kapi\/\" class=\"product-image-link\">\n\t\t\t<img loading=\"lazy\" decoding=\"async\" width=\"600\" height=\"600\" src=\"https:\/\/winarihome.com\/wp-content\/uploads\/2023\/05\/2020-Site-1.jpg-600x600.webp\" class=\"attachment-woocommerce_thumbnail size-woocommerce_thumbnail\" alt=\"Single Wing Pocket Door\" srcset=\"https:\/\/winarihome.com\/wp-content\/uploads\/2023\/05\/2020-Site-1.jpg-600x600.webp 600w, https:\/\/winarihome.com\/wp-content\/uploads\/2023\/05\/2020-Site-1.jpg-150x150.webp 150w\" sizes=\"auto, (max-width: 600px) 100vw, 600px\" \/>\t\t<\/a>\n\n\t\t\n\t\t<div class=\"wd-buttons wd-pos-r-t\">\n\t\t\t\t\t\t<div class=\"wd-add-btn wd-action-btn wd-style-icon wd-add-cart-icon\"><a href=\"https:\/\/winarihome.com\/en\/tek-kanat-surgu-kapi\/\" data-quantity=\"1\" class=\"button wp-element-button product_type_simple add-to-cart-loop\" data-product_id=\"19\" data-product_sku=\"\" aria-label=\"Read more about \u201cTek Kanat S\u00fcrg\u00fc Kap\u0131\u201d\" rel=\"nofollow\" data-no-translation-aria-label=\"\"><span data-no-translation=\"\" data-trp-gettext=\"\">Read more<\/span><\/a><\/div>\n\t\t\t\t\t\t\t\t\t\t\t<\/div>\n\t<\/div>\n\n\t<div class=\"product-element-bottom\">\n\t\t\t\t\t\t\t\t\t\t\t\t\n\t\t\n\t\t\t\t\n\t\t\t<\/div>\n<\/div>\n<\/div>\n<div class=\"product-grid-item product wd-hover-tiled  col-lg-4 col-md-4 col-12 last  type-product post-17 status-publish last instock product_cat-surgu-kapi has-post-thumbnail shipping-taxable product-type-simple\" data-loop=\"3\" data-id=\"17\">\n\t\n\t\n<div class=\"product-wrapper\">\n\t<div class=\"product-element-top wd-quick-shop\">\n\t\t<a href=\"https:\/\/winarihome.com\/en\/z-acilir-surgu-kapi\/\" class=\"product-image-link\">\n\t\t\t<img loading=\"lazy\" decoding=\"async\" width=\"600\" height=\"600\" src=\"https:\/\/winarihome.com\/wp-content\/uploads\/2023\/05\/2020-Site-4.-2.jpg-600x600.webp\" class=\"attachment-woocommerce_thumbnail size-woocommerce_thumbnail\" alt=\"Z Pocket Door\" srcset=\"https:\/\/winarihome.com\/wp-content\/uploads\/2023\/05\/2020-Site-4.-2.jpg-600x600.webp 600w, https:\/\/winarihome.com\/wp-content\/uploads\/2023\/05\/2020-Site-4.-2.jpg-150x150.webp 150w\" sizes=\"auto, (max-width: 600px) 100vw, 600px\" \/>\t\t<\/a>\n\n\t\t\n\t\t<div class=\"wd-buttons wd-pos-r-t\">\n\t\t\t\t\t\t<div class=\"wd-add-btn wd-action-btn wd-style-icon wd-add-cart-icon\"><a href=\"https:\/\/winarihome.com\/en\/z-acilir-surgu-kapi\/\" data-quantity=\"1\" class=\"button wp-element-button product_type_simple add-to-cart-loop\" data-product_id=\"17\" data-product_sku=\"\" aria-label=\"Read more about \u201cZ A\u00e7\u0131l\u0131r S\u00fcrg\u00fc Kap\u0131\u201d\" rel=\"nofollow\" data-no-translation-aria-label=\"\"><span data-no-translation=\"\" data-trp-gettext=\"\">Read more<\/span><\/a><\/div>\n\t\t\t\t\t\t\t\t\t\t\t<\/div>\n\t<\/div>\n\n\t<div class=\"product-element-bottom\">\n\t\t\t\t\t\t\t\t\t\t\t\t\n\t\t\n\t\t\t\t\n\t\t\t<\/div>\n<\/div>\n<\/div>\n\t\t\t<\/div>\n\t\t\t<\/div><\/div><\/div><\/div><\/div><div id=\"row-instagram\" class=\"vc_row wpb_row vc_row-fluid wd-rs-6479ee957b3a7\"><div class=\"wpb_column vc_column_container vc_col-sm-12\"><div class=\"vc_column-inner\"><div class=\"wpb_wrapper\"><div class=\"vc_row wpb_row vc_inner vc_row-fluid vc_row-o-content-middle vc_row-flex wd-rs-6479e080080f8\"><div class=\"wpb_column vc_column_container vc_col-sm-3\"><div class=\"vc_column-inner\"><div class=\"wpb_wrapper\">\n\t<div  class=\"wpb_single_image wpb_content_element vc_align_center\">\n\t\t\n\t\t<figure class=\"wpb_wrapper vc_figure\">\n\t\t\t<div class=\"vc_single_image-wrapper   vc_box_border_grey\"><img loading=\"lazy\" decoding=\"async\" width=\"1200\" height=\"1200\" src=\"https:\/\/winarihome.com\/wp-content\/uploads\/2023\/06\/instagram-mockup.webp\" class=\"vc_single_image-img attachment-full\" alt=\"\" title=\"instagram-mockup\" srcset=\"https:\/\/winarihome.com\/wp-content\/uploads\/2023\/06\/instagram-mockup.webp 1200w, https:\/\/winarihome.com\/wp-content\/uploads\/2023\/06\/instagram-mockup-600x600.webp 600w, https:\/\/winarihome.com\/wp-content\/uploads\/2023\/06\/instagram-mockup-150x150.webp 150w, https:\/\/winarihome.com\/wp-content\/uploads\/2023\/06\/instagram-mockup-300x300.webp 300w, https:\/\/winarihome.com\/wp-content\/uploads\/2023\/06\/instagram-mockup-1024x1024.webp 1024w, https:\/\/winarihome.com\/wp-content\/uploads\/2023\/06\/instagram-mockup-768x768.webp 768w\" sizes=\"auto, (max-width: 1200px) 100vw, 1200px\" \/><\/div>\n\t\t<\/figure>\n\t<\/div>\n<\/div><\/div><\/div><div class=\"wpb_column vc_column_container vc_col-sm-3\"><div class=\"vc_column-inner\"><div class=\"wpb_wrapper\">\n\t<div class=\"wpb_text_column wpb_content_element\" >\n\t\t<div class=\"wpb_wrapper\">\n\t\t\t<h2 style=\"text-align: center;\">Instagram<\/h2>\n<p style=\"text-align: center;\"><a href=\"https:\/\/www.instagram.com\/winarihome\/\" target=\"_blank\" rel=\"noopener\">@winarihome<\/a><\/p>\n\n\t\t<\/div>\n\t<\/div>\n<\/div><\/div><\/div><div class=\"wpb_column vc_column_container vc_col-sm-3\"><div class=\"vc_column-inner\"><div class=\"wpb_wrapper\">\n\t<div  class=\"wpb_single_image wpb_content_element vc_align_center\">\n\t\t\n\t\t<figure class=\"wpb_wrapper vc_figure\">\n\t\t\t<div class=\"vc_single_image-wrapper   vc_box_border_grey\"><img loading=\"lazy\" decoding=\"async\" width=\"1152\" height=\"814\" src=\"https:\/\/winarihome.com\/wp-content\/uploads\/2023\/06\/catalog-1.webp\" class=\"vc_single_image-img attachment-full\" alt=\"\" title=\"catalog-1\" srcset=\"https:\/\/winarihome.com\/wp-content\/uploads\/2023\/06\/catalog-1.webp 1152w, https:\/\/winarihome.com\/wp-content\/uploads\/2023\/06\/catalog-1-150x106.webp 150w, https:\/\/winarihome.com\/wp-content\/uploads\/2023\/06\/catalog-1-300x212.webp 300w, https:\/\/winarihome.com\/wp-content\/uploads\/2023\/06\/catalog-1-1024x724.webp 1024w, https:\/\/winarihome.com\/wp-content\/uploads\/2023\/06\/catalog-1-768x543.webp 768w\" sizes=\"auto, (max-width: 1152px) 100vw, 1152px\" \/><\/div>\n\t\t<\/figure>\n\t<\/div>\n<\/div><\/div><\/div><div class=\"wpb_column vc_column_container vc_col-sm-3\"><div class=\"vc_column-inner\"><div class=\"wpb_wrapper\">\n\t<div class=\"wpb_text_column wpb_content_element\" >\n\t\t<div class=\"wpb_wrapper\">\n\t\t\t<h2 style=\"text-align: center;\">Catalog<\/h2>\n<p style=\"text-align: center;\"><a href=\"https:\/\/winarihome.com\/en\/catalog\/\">\u0130ncele<\/a><\/p>\n\n\t\t<\/div>\n\t<\/div>\n<\/div><\/div><\/div><\/div><\/div><\/div><\/div><\/div><div id=\"row-harita\" class=\"vc_row wpb_row vc_row-fluid vc_custom_1685713583082 vc_row-has-fill wd-rs-6479f2a584b98 wd-section-stretch-content-no-pd\"><div class=\"wpb_column vc_column_container vc_col-sm-12\"><div class=\"vc_column-inner\"><div class=\"wpb_wrapper\"><div class=\"vc_row wpb_row vc_inner vc_row-fluid vc_row-o-content-middle vc_row-flex wd-rs-6479f297e191c\"><div class=\"wpb_column vc_column_container vc_col-sm-6\"><div class=\"vc_column-inner\"><div class=\"wpb_wrapper\">\n\t<div  class=\"wpb_single_image wpb_content_element vc_align_center\">\n\t\t\n\t\t<figure class=\"wpb_wrapper vc_figure\">\n\t\t\t<div class=\"vc_single_image-wrapper   vc_box_border_grey\"><img loading=\"lazy\" decoding=\"async\" width=\"212\" height=\"63\" src=\"https:\/\/winarihome.com\/wp-content\/uploads\/2023\/05\/logo-winari.svg\" class=\"vc_single_image-img attachment-full\" alt=\"\" title=\"logo-winari\" \/><\/div>\n\t\t<\/figure>\n\t<\/div>\n\n\t<div class=\"wpb_text_column wpb_content_element\" >\n\t\t<div class=\"wpb_wrapper\">\n\t\t\t<div class=\"yolbtn\"><a href=\"tel: 905353597485\">Call Us<\/a><br \/>\n<a href=\"https:\/\/maps.app.goo.gl\/LZMA9Hs7PMc9jank6\" target=\"_blank\" rel=\"noopener\">Get Direction<\/a><\/div>\n\n\t\t<\/div>\n\t<\/div>\n<\/div><\/div><\/div><div class=\"wpb_column vc_column_container vc_col-sm-6\"><div class=\"vc_column-inner\"><div class=\"wpb_wrapper\"><div class=\"wpb_gmaps_widget wpb_content_element\"><div class=\"wpb_wrapper\"><div class=\"wpb_map_wraper\"><iframe src=\"https:\/\/www.google.com\/maps\/embed?pb=!1m14!1m8!1m3!1d12211.706638631722!2d29.5221918!3d40.077048!3m2!1i1024!2i768!4f13.1!3m3!1m2!1s0x14cbc9a2f1c7c70f%3A0x89fde33685be7d8f!2sWinari!5e0!3m2!1str!2str!4v1685713368113!5m2!1str!2str\" width=\"100%\" height=\"450\" style=\"border:0;\" allowfullscreen=\"\" loading=\"lazy\" referrerpolicy=\"no-referrer-when-downgrade\"><\/iframe><\/div><\/div><\/div><\/div><\/div><\/div><\/div><\/div><\/div><\/div><\/div>\n<\/section>","protected":false},"excerpt":{"rendered":"","protected":false},"author":1,"featured_media":0,"parent":0,"menu_order":0,"comment_status":"closed","ping_status":"closed","template":"","meta":{"footnotes":""},"class_list":["post-2","page","type-page","status-publish","hentry"],"yoast_head":"<!-- This site is optimized with the Yoast SEO plugin v20.8 - https:\/\/yoast.com\/wordpress\/plugins\/seo\/ -->\n<title>Anasayfa - Winari Home<\/title>\n<meta name=\"robots\" content=\"index, follow, max-snippet:-1, max-image-preview:large, max-video-preview:-1\" \/>\n<link rel=\"canonical\" href=\"https:\/\/winarihome.com\/en\/\" \/>\n<meta property=\"og:locale\" content=\"en_GB\" \/>\n<meta property=\"og:type\" content=\"article\" \/>\n<meta property=\"og:title\" content=\"Anasayfa - Winari Home\" \/>\n<meta property=\"og:url\" content=\"https:\/\/winarihome.com\/en\/\" \/>\n<meta property=\"og:site_name\" content=\"Winari Home\" \/>\n<meta property=\"article:modified_time\" content=\"2024-03-09T10:10:55+00:00\" \/>\n<meta name=\"twitter:card\" content=\"summary_large_image\" \/>\n<meta name=\"twitter:label1\" content=\"Estimated reading time\" \/>\n\t<meta name=\"twitter:data1\" content=\"2 minutes\" \/>\n<script type=\"application\/ld+json\" class=\"yoast-schema-graph\">{\"@context\":\"https:\/\/schema.org\",\"@graph\":[{\"@type\":\"WebPage\",\"@id\":\"https:\/\/winarihome.com\/\",\"url\":\"https:\/\/winarihome.com\/\",\"name\":\"Anasayfa - Winari Home\",\"isPartOf\":{\"@id\":\"https:\/\/winarihome.com\/#website\"},\"datePublished\":\"2023-05-09T11:38:07+00:00\",\"dateModified\":\"2024-03-09T10:10:55+00:00\",\"breadcrumb\":{\"@id\":\"https:\/\/winarihome.com\/#breadcrumb\"},\"inLanguage\":\"en-GB\",\"potentialAction\":[{\"@type\":\"ReadAction\",\"target\":[\"https:\/\/winarihome.com\/\"]}]},{\"@type\":\"BreadcrumbList\",\"@id\":\"https:\/\/winarihome.com\/#breadcrumb\",\"itemListElement\":[{\"@type\":\"ListItem\",\"position\":1,\"name\":\"Anasayfa\",\"item\":\"https:\/\/winarihome.com\/\"},{\"@type\":\"ListItem\",\"position\":2,\"name\":\"Anasayfa\"}]},{\"@type\":\"WebSite\",\"@id\":\"https:\/\/winarihome.com\/#website\",\"url\":\"https:\/\/winarihome.com\/\",\"name\":\"Winari Home\",\"description\":\"S\u00fcrg\u00fc Kap\u0131 Sistemi\",\"potentialAction\":[{\"@type\":\"SearchAction\",\"target\":{\"@type\":\"EntryPoint\",\"urlTemplate\":\"https:\/\/winarihome.com\/?s={search_term_string}\"},\"query-input\":\"required name=search_term_string\"}],\"inLanguage\":\"en-GB\"}]}<\/script>\n<!-- \/ Yoast SEO plugin. -->","yoast_head_json":{"title":"Anasayfa - Winari Home","robots":{"index":"index","follow":"follow","max-snippet":"max-snippet:-1","max-image-preview":"max-image-preview:large","max-video-preview":"max-video-preview:-1"},"canonical":"https:\/\/winarihome.com\/en\/","og_locale":"en_GB","og_type":"article","og_title":"Anasayfa - Winari Home","og_url":"https:\/\/winarihome.com\/en\/","og_site_name":"Winari Home","article_modified_time":"2024-03-09T10:10:55+00:00","twitter_card":"summary_large_image","twitter_misc":{"Estimated reading time":"2 minutes"},"schema":{"@context":"https:\/\/schema.org","@graph":[{"@type":"WebPage","@id":"https:\/\/winarihome.com\/","url":"https:\/\/winarihome.com\/","name":"Anasayfa - Winari Home","isPartOf":{"@id":"https:\/\/winarihome.com\/#website"},"datePublished":"2023-05-09T11:38:07+00:00","dateModified":"2024-03-09T10:10:55+00:00","breadcrumb":{"@id":"https:\/\/winarihome.com\/#breadcrumb"},"inLanguage":"en-GB","potentialAction":[{"@type":"ReadAction","target":["https:\/\/winarihome.com\/"]}]},{"@type":"BreadcrumbList","@id":"https:\/\/winarihome.com\/#breadcrumb","itemListElement":[{"@type":"ListItem","position":1,"name":"Anasayfa","item":"https:\/\/winarihome.com\/"},{"@type":"ListItem","position":2,"name":"Anasayfa"}]},{"@type":"WebSite","@id":"https:\/\/winarihome.com\/#website","url":"https:\/\/winarihome.com\/","name":"Winari Home","description":"S\u00fcrg\u00fc Kap\u0131 Sistemi","potentialAction":[{"@type":"SearchAction","target":{"@type":"EntryPoint","urlTemplate":"https:\/\/winarihome.com\/?s={search_term_string}"},"query-input":"required name=search_term_string"}],"inLanguage":"en-GB"}]}},"_links":{"self":[{"href":"https:\/\/winarihome.com\/en\/wp-json\/wp\/v2\/pages\/2","targetHints":{"allow":["GET"]}}],"collection":[{"href":"https:\/\/winarihome.com\/en\/wp-json\/wp\/v2\/pages"}],"about":[{"href":"https:\/\/winarihome.com\/en\/wp-json\/wp\/v2\/types\/page"}],"author":[{"embeddable":true,"href":"https:\/\/winarihome.com\/en\/wp-json\/wp\/v2\/users\/1"}],"replies":[{"embeddable":true,"href":"https:\/\/winarihome.com\/en\/wp-json\/wp\/v2\/comments?post=2"}],"version-history":[{"count":29,"href":"https:\/\/winarihome.com\/en\/wp-json\/wp\/v2\/pages\/2\/revisions"}],"predecessor-version":[{"id":617,"href":"https:\/\/winarihome.com\/en\/wp-json\/wp\/v2\/pages\/2\/revisions\/617"}],"wp:attachment":[{"href":"https:\/\/winarihome.com\/en\/wp-json\/wp\/v2\/media?parent=2"}],"curies":[{"name":"wp","href":"https:\/\/api.w.org\/{rel}","templated":true}]}}